{"id":429,"date":"2026-01-17T19:36:11","date_gmt":"2026-01-17T18:36:11","guid":{"rendered":"https:\/\/www.thehive-restaurant.lu\/?page_id=429"},"modified":"2026-04-01T14:47:55","modified_gmt":"2026-04-01T12:47:55","slug":"legal-notice","status":"publish","type":"page","link":"https:\/\/www.thehive-restaurant.lu\/en\/mentions-legales\/","title":{"rendered":"Terms of use"},"content":{"rendered":"<div data-elementor-type=\"wp-page\" data-elementor-id=\"429\" class=\"elementor elementor-429\" data-elementor-post-type=\"page\">\n\t\t\t\t<div class=\"elementor-element elementor-element-e3143cb e-flex e-con-boxed e-con e-parent\" data-id=\"e3143cb\" data-element_type=\"container\" data-e-type=\"container\">\n\t\t\t\t\t<div class=\"e-con-inner\">\n\t\t\t\t<div class=\"elementor-element elementor-element-ddb42ff common-title elementor-widget__width-auto elementor-widget elementor-widget-text-editor\" data-id=\"ddb42ff\" data-element_type=\"widget\" data-e-type=\"widget\" data-widget_type=\"text-editor.default\">\n\t\t\t\t<div class=\"elementor-widget-container\">\n\t\t\t\t\t\t\t\t\t<p>Mentions <strong>legal<\/strong><\/p>\t\t\t\t\t\t\t\t<\/div>\n\t\t\t\t<\/div>\n\t\t\t\t<div class=\"elementor-element elementor-element-bab683a elementor-widget__width-inherit elementor-widget elementor-widget-text-editor\" data-id=\"bab683a\" data-element_type=\"widget\" data-e-type=\"widget\" data-widget_type=\"text-editor.default\">\n\t\t\t\t<div class=\"elementor-widget-container\">\n\t\t\t\t\t\t\t\t\t<p>URL: https:\/\/www.thehive-restaurant.lu<\/p><p>Company name: H\u00f4tel Ibis Budget Luxembourg<\/p><p>Share capital: \u20ac \u20ac \u20ac \u20ac \u20ac \u20ac \u20ac \u20ac \u20ac \u20ac \u20ac \u20ac<\/p><p>Head office: Route de Tr\u00e8ves, 2632 Luxembourg, Luxembourg<\/p><p>Commercial register: B25464<\/p><p>\u00a0<\/p><p><strong>The Hive:<\/strong><\/p><p>Tel: +352 43 88 01<\/p><p>E-mail: H0974@ACCOR.COM<\/p><p>\u00a0<\/p><ol><li><strong>Purpose of the site<\/strong><\/li><\/ol><p>The Hive website is dedicated to the promotion of the establishment, the provision of information and the collection of personal data for the purposes of booking and customer relationship management.<\/p><p>Liability<\/p><p>Publishing director: VANTYGHEM Christophe<\/p><p>Editorial manager: VANTYGHEM Christophe<\/p><p>Webmaster, design, editing, hosting: Eliophot + Hetzner Online GmbH - Industriestr. 25 - 91710 Gunzenhausen - Deutschland\u00a0<\/p><p>\u00a0<\/p><ol start=\"2\"><li><strong>Collection of personal data<\/strong><\/li><\/ol><p>The Hive website collects personal data online for the purposes of booking rooms and managing your stay.<\/p><p>In accordance with the French Data Protection Act, this site has been registered with the Commission Nationale Informatique et Libert\u00e9s (CNIL). You have the right to access, modify, rectify and delete any personal data concerning you. To exercise this right, please contact us at the following address H0974@ACCOR.COM.<\/p><p>\u00a0<\/p><ol start=\"3\"><li><strong>Intellectual property<\/strong><\/li><\/ol><p>All information, content, logos, texts, images and other elements present on the site are protected by French legislation and international conventions relating to intellectual property.<\/p><p>Any reproduction, distribution or modification, in whole or in part, without the prior authorization of The Hive, is strictly forbidden, except for private or family use.<\/p><p>\u00a0<\/p><ol start=\"4\"><li><strong>Disputes and mediation<\/strong><\/li><\/ol><p>In the event of a dispute, please contact our customer service department to try to resolve the problem amicably.<\/p><p>If no amicable solution is found, the consumer may refer the matter free of charge to a consumer mediator, namely the Association of European Mediators (AME CONSO), within one (1) year of the written complaint sent to the Hotel.<\/p><p>You can contact the mediator :<\/p><p>Online, using the form available on the website: www.mediationconso-ame.com<\/p><p>By post, to the following address<\/p><p>AME CONSO - 11 place Dauphine - 75001 PARIS<\/p><p>\u00a0<\/p><ol start=\"5\"><li><strong>Applicable law and online dispute resolution<\/strong><\/li><\/ol><p>In accordance with Article 14 of Regulation (EU) No. 524\/2013, the European Commission provides an online dispute resolution (ODR) platform. You can access it via the following link:<\/p><p>\ud83d\udc49 https:\/\/ec.europa.eu\/consumers\/odr\/<\/p><p>\u00a0<\/p><ol start=\"6\"><li><strong>No right of withdrawal<\/strong><\/li><\/ol><p>In accordance with article L.221-28 of the French Consumer Code, the right of withdrawal does not apply to accommodation services provided on a specific date or at specific intervals.<\/p><p>\u00a0<\/p><ol start=\"7\"><li><strong>Limited liability of the publisher<\/strong><\/li><\/ol><p>The site editor provides users with information and tools that he considers reliable. However, it cannot be held responsible for errors, the unavailability of functions, or the presence of viruses on the site.<\/p><p>The information on this site is provided for information purposes only and should not be used as a substitute for personal advice. The publisher does not guarantee the accuracy, completeness or timeliness of this information.<\/p><p>In addition, the site may contain links to third-party sites. The publisher assumes no responsibility for the content of these sites, and cannot be held liable for any direct or indirect damage resulting from their use.<\/p><p>You can oppose telephone canvassing by registering free of charge on the Bloctel list:\u00a0<a href=\"https:\/\/www.bloctel.gouv.fr\/\" rel=\"nofollow noopener\" target=\"_blank\">https:\/\/www.bloctel.gouv.fr<\/a>. We respect the Bloctel list and undertake not to contact you if you are on it.<\/p>\t\t\t\t\t\t\t\t<\/div>\n\t\t\t\t<\/div>\n\t\t\t\t\t<\/div>\n\t\t\t\t<\/div>\n\t\t\t\t<\/div>","protected":false},"excerpt":{"rendered":"<p>Mentions l\u00e9gales URL\u00a0: https:\/\/www.thehive-restaurant.lu Raison sociale : H\u00f4tel Ibis Budget Luxembourg Capital social : \u00a0\u20ac Si\u00e8ge social : Route de Tr\u00e8ves, 2632 Luxembourg, Luxembourg Registre du commerce\u00a0: B25464 \u00a0 The Hive : T\u00e9l : +352 43 88 01 E-mail : H0974@ACCOR.COM \u00a0 Objet du site Le site internet de The Hive est d\u00e9di\u00e9 \u00e0 la [&hellip;]<\/p>\n","protected":false},"author":13,"featured_media":0,"parent":0,"menu_order":0,"comment_status":"closed","ping_status":"closed","template":"","meta":{"inline_featured_image":false,"footnotes":""},"class_list":["post-429","page","type-page","status-publish","hentry"],"_links":{"self":[{"href":"https:\/\/www.thehive-restaurant.lu\/en\/wp-json\/wp\/v2\/pages\/429","targetHints":{"allow":["GET"]}}],"collection":[{"href":"https:\/\/www.thehive-restaurant.lu\/en\/wp-json\/wp\/v2\/pages"}],"about":[{"href":"https:\/\/www.thehive-restaurant.lu\/en\/wp-json\/wp\/v2\/types\/page"}],"author":[{"embeddable":true,"href":"https:\/\/www.thehive-restaurant.lu\/en\/wp-json\/wp\/v2\/users\/13"}],"replies":[{"embeddable":true,"href":"https:\/\/www.thehive-restaurant.lu\/en\/wp-json\/wp\/v2\/comments?post=429"}],"version-history":[{"count":25,"href":"https:\/\/www.thehive-restaurant.lu\/en\/wp-json\/wp\/v2\/pages\/429\/revisions"}],"predecessor-version":[{"id":2550,"href":"https:\/\/www.thehive-restaurant.lu\/en\/wp-json\/wp\/v2\/pages\/429\/revisions\/2550"}],"wp:attachment":[{"href":"https:\/\/www.thehive-restaurant.lu\/en\/wp-json\/wp\/v2\/media?parent=429"}],"curies":[{"name":"wp","href":"https:\/\/api.w.org\/{rel}","templated":true}]}}