{"id":339,"date":"2026-01-16T16:02:19","date_gmt":"2026-01-16T15:02:19","guid":{"rendered":"https:\/\/www.thehive-restaurant.lu\/?page_id=339"},"modified":"2026-03-24T16:44:32","modified_gmt":"2026-03-24T15:44:32","slug":"zugang-kontakt","status":"publish","type":"page","link":"https:\/\/www.thehive-restaurant.lu\/de\/acces-contact\/","title":{"rendered":"Acces &amp; contact"},"content":{"rendered":"\t\t<div data-elementor-type=\"wp-page\" data-elementor-id=\"339\" class=\"elementor elementor-339\" data-elementor-post-type=\"page\">\n\t\t\t\t<div class=\"elementor-element elementor-element-29204af e-con-full hero hero-acces_contact e-flex e-con e-parent\" data-id=\"29204af\" data-element_type=\"container\" data-e-type=\"container\" data-settings=\"{&quot;background_background&quot;:&quot;classic&quot;}\">\n\t\t<div class=\"elementor-element elementor-element-8521b25 e-con-full surtitle-container e-flex e-con e-child\" data-id=\"8521b25\" data-element_type=\"container\" data-e-type=\"container\">\n\t\t\t\t<div class=\"elementor-element elementor-element-7e9ffba elementor-position-inline-start surtitle elementor-mobile-position-inline-start elementor-view-default elementor-widget elementor-widget-icon-box\" data-id=\"7e9ffba\" data-element_type=\"widget\" data-e-type=\"widget\" data-widget_type=\"icon-box.default\">\n\t\t\t\t<div class=\"elementor-widget-container\">\n\t\t\t\t\t\t\t<div class=\"elementor-icon-box-wrapper\">\n\n\t\t\t\t\t\t<div class=\"elementor-icon-box-icon\">\n\t\t\t\t<span  class=\"elementor-icon\">\n\t\t\t\t<svg xmlns=\"http:\/\/www.w3.org\/2000\/svg\" width=\"12\" height=\"12\" viewBox=\"0 0 12 12\" fill=\"none\"><path d=\"M9.34683 12H2.65317C1.23815 12 0 10.7647 0 9.35294V2.64706C0 1.23529 1.23815 0 2.65317 0H9.34683C10.7619 0 12 1.23529 12 2.64706V9.35294C12 10.7647 10.7619 12 9.34683 12Z\" fill=\"#F26749\"><\/path><\/svg>\t\t\t\t<\/span>\n\t\t\t<\/div>\n\t\t\t\n\t\t\t\t\t\t<div class=\"elementor-icon-box-content\">\n\n\t\t\t\t\t\t\t\t\t<h2 class=\"elementor-icon-box-title\">\n\t\t\t\t\t\t<span  >\n\t\t\t\t\t\t\tLocalisation\t\t\t\t\t\t<\/span>\n\t\t\t\t\t<\/h2>\n\t\t\t\t\n\t\t\t\t\n\t\t\t<\/div>\n\t\t\t\n\t\t<\/div>\n\t\t\t\t\t\t<\/div>\n\t\t\t\t<\/div>\n\t\t\t\t<\/div>\n\t\t<div class=\"elementor-element elementor-element-c3d5e67 e-flex e-con-boxed e-con e-child\" data-id=\"c3d5e67\" data-element_type=\"container\" data-e-type=\"container\">\n\t\t\t\t\t<div class=\"e-con-inner\">\n\t\t<div class=\"elementor-element elementor-element-ce62b3f e-con-full elementor-hidden-tablet elementor-hidden-mobile e-flex e-con e-child\" data-id=\"ce62b3f\" data-element_type=\"container\" data-e-type=\"container\">\n\t\t\t\t<\/div>\n\t\t<div class=\"elementor-element elementor-element-ab565a2 e-con-full e-flex e-con e-child\" data-id=\"ab565a2\" data-element_type=\"container\" data-e-type=\"container\">\n\t\t<div class=\"elementor-element elementor-element-f57a0df e-con-full wrapper-content_w_fond e-flex e-con e-child\" data-id=\"f57a0df\" data-element_type=\"container\" data-e-type=\"container\">\n\t\t<div class=\"elementor-element elementor-element-1efcc04 e-con-full fond e-flex e-con e-child\" data-id=\"1efcc04\" data-element_type=\"container\" data-e-type=\"container\" data-settings=\"{&quot;background_background&quot;:&quot;classic&quot;,&quot;position&quot;:&quot;absolute&quot;}\">\n\t\t\t\t<\/div>\n\t\t\t\t<div class=\"elementor-element elementor-element-b6aac2b title elementor-widget elementor-widget-heading\" data-id=\"b6aac2b\" data-element_type=\"widget\" data-e-type=\"widget\" data-widget_type=\"heading.default\">\n\t\t\t\t<div class=\"elementor-widget-container\">\n\t\t\t\t\t<h1 class=\"elementor-heading-title elementor-size-default\">Votre restaurant proche de l'a\u00e9roport de Luxembourg-Findel<\/h1>\t\t\t\t<\/div>\n\t\t\t\t<\/div>\n\t\t\t\t<div class=\"elementor-element elementor-element-0eb6b14 elementor-widget__width-initial description elementor-widget elementor-widget-text-editor\" data-id=\"0eb6b14\" data-element_type=\"widget\" data-e-type=\"widget\" data-widget_type=\"text-editor.default\">\n\t\t\t\t<div class=\"elementor-widget-container\">\n\t\t\t\t\t\t\t\t\t<p>Route de Tr\u00e8ves, <br \/>FINDEL, LUXEMBOURG<\/p>\t\t\t\t\t\t\t\t<\/div>\n\t\t\t\t<\/div>\n\t\t\t\t<div class=\"elementor-element elementor-element-834b05e elementor-position-block-end common-btn btn-casal btn-small elementor-mobile-position-block-end elementor-tablet-position-block-end elementor-widget__width-auto elementor-view-default elementor-widget elementor-widget-icon-box\" data-id=\"834b05e\" data-element_type=\"widget\" data-e-type=\"widget\" data-widget_type=\"icon-box.default\">\n\t\t\t\t<div class=\"elementor-widget-container\">\n\t\t\t\t\t\t\t<div class=\"elementor-icon-box-wrapper\">\n\n\t\t\t\t\t\t<div class=\"elementor-icon-box-icon\">\n\t\t\t\t<a href=\"https:\/\/www.google.com\/maps\/dir\/\/The+Hive+-+Food+%26+More,+Rte+de+Treves,+2632+Findel+Luxembourg\/@49.6334173,6.207055,17z\/data=!4m17!1m7!3m6!1s0x47954540afdad8ef:0xb3acc3cd8777bbd1!2sThe+Hive+-+Food+%26+More!8m2!3d49.6334139!4d6.2096353!16s%2Fg%2F11md3vq9bn!4m8!1m0!1m5!1m1!1s0x47954540afdad8ef:0xb3acc3cd8777bbd1!2m2!1d6.2096353!2d49.6334139!3e0?entry=ttu&#038;g_ep=EgoyMDI2MDEyMS4wIKXMDSoASAFQAw%3D%3D\" target=\"_blank\" class=\"elementor-icon\" tabindex=\"-1\" aria-label=\"Lancer l&#039;itin\u00e9raire\" rel=\"nofollow noopener\">\n\t\t\t\t<svg xmlns=\"http:\/\/www.w3.org\/2000\/svg\" id=\"Calque_1\" viewBox=\"0 0 150 7\"><defs><style>      .st0 {        fill: #fff;      }    <\/style><\/defs><g id=\"Calque_11\" data-name=\"Calque_1\"><path class=\"st0\" d=\"M0,3.5v.5h149.1v-1H0v.5Z\"><\/path><\/g><g id=\"Calque_2\"><path class=\"st0\" d=\"M149.9,3.8c.2-.2.2-.5,0-.7l-3-3c-.2-.2-.5-.2-.7,0-.2.2-.2.5,0,.7l2.7,2.7-2.7,2.7c-.2.2-.2.5,0,.7s.5.2.7,0l3-3h0Z\"><\/path><\/g><\/svg>\t\t\t\t<\/a>\n\t\t\t<\/div>\n\t\t\t\n\t\t\t\t\t\t<div class=\"elementor-icon-box-content\">\n\n\t\t\t\t\t\t\t\t\t<span class=\"elementor-icon-box-title\">\n\t\t\t\t\t\t<a href=\"https:\/\/www.google.com\/maps\/dir\/\/The+Hive+-+Food+%26+More,+Rte+de+Treves,+2632+Findel+Luxembourg\/@49.6334173,6.207055,17z\/data=!4m17!1m7!3m6!1s0x47954540afdad8ef:0xb3acc3cd8777bbd1!2sThe+Hive+-+Food+%26+More!8m2!3d49.6334139!4d6.2096353!16s%2Fg%2F11md3vq9bn!4m8!1m0!1m5!1m1!1s0x47954540afdad8ef:0xb3acc3cd8777bbd1!2m2!1d6.2096353!2d49.6334139!3e0?entry=ttu&#038;g_ep=EgoyMDI2MDEyMS4wIKXMDSoASAFQAw%3D%3D\" target=\"_blank\" rel=\"nofollow noopener\">\n\t\t\t\t\t\t\tLancer l'itin\u00e9raire\t\t\t\t\t\t<\/a>\n\t\t\t\t\t<\/span>\n\t\t\t\t\n\t\t\t\t\n\t\t\t<\/div>\n\t\t\t\n\t\t<\/div>\n\t\t\t\t\t\t<\/div>\n\t\t\t\t<\/div>\n\t\t\t\t<\/div>\n\t\t\t\t<div class=\"elementor-element elementor-element-d62f0ce common-title elementor-widget__width-auto elementor-widget elementor-widget-text-editor\" data-id=\"d62f0ce\" data-element_type=\"widget\" data-e-type=\"widget\" data-widget_type=\"text-editor.default\">\n\t\t\t\t<div class=\"elementor-widget-container\">\n\t\t\t\t\t\t\t\t\t<p>Acces &amp;<\/p><p><strong>Contact<\/strong><\/p>\t\t\t\t\t\t\t\t<\/div>\n\t\t\t\t<\/div>\n\t\t\t\t<\/div>\n\t\t\t\t\t<\/div>\n\t\t\t\t<\/div>\n\t\t\t\t<div class=\"elementor-element elementor-element-9eeccff elementor-widget__width-initial map elementor-widget elementor-widget-image\" data-id=\"9eeccff\" data-element_type=\"widget\" data-e-type=\"widget\" data-widget_type=\"image.default\">\n\t\t\t\t<div class=\"elementor-widget-container\">\n\t\t\t\t\t\t\t\t\t\t\t\t\t\t\t<img fetchpriority=\"high\" decoding=\"async\" width=\"805\" height=\"996\" src=\"https:\/\/www.thehive-restaurant.lu\/wp-content\/uploads\/2026\/01\/luxembourg-map.svg\" class=\"attachment-full size-full wp-image-1435\" alt=\"\" title=\"\">\t\t\t\t\t\t\t\t\t\t\t\t\t\t\t<\/div>\n\t\t\t\t<\/div>\n\t\t\t\t<\/div>\n\t\t<div class=\"elementor-element elementor-element-46f932c section-tangelo e-flex e-con-boxed e-con e-parent\" data-id=\"46f932c\" data-element_type=\"container\" data-e-type=\"container\" data-settings=\"{&quot;background_background&quot;:&quot;classic&quot;}\">\n\t\t\t\t\t<div class=\"e-con-inner\">\n\t\t<div class=\"elementor-element elementor-element-2489646 e-con-full e-flex e-con e-child\" data-id=\"2489646\" data-element_type=\"container\" data-e-type=\"container\">\n\t\t<div class=\"elementor-element elementor-element-760ffcb e-con-full e-flex e-con e-child\" data-id=\"760ffcb\" data-element_type=\"container\" data-e-type=\"container\">\n\t\t\t\t<div class=\"elementor-element elementor-element-1c36c29 elementor-widget__width-auto common-title-2 elementor-widget elementor-widget-text-editor\" data-id=\"1c36c29\" data-element_type=\"widget\" data-e-type=\"widget\" data-widget_type=\"text-editor.default\">\n\t\t\t\t<div class=\"elementor-widget-container\">\n\t\t\t\t\t\t\t\t\t<p>prenez<\/p><p><strong>contact<\/strong><\/p>\t\t\t\t\t\t\t\t<\/div>\n\t\t\t\t<\/div>\n\t\t\t\t<div class=\"elementor-element elementor-element-2abe511 elementor-widget elementor-widget-text-editor\" data-id=\"2abe511\" data-element_type=\"widget\" data-e-type=\"widget\" data-widget_type=\"text-editor.default\">\n\t\t\t\t<div class=\"elementor-widget-container\">\n\t\t\t\t\t\t\t\t\t<p><a href=\"tel:+352438801\">+352 43 88 01<\/a><\/p>\t\t\t\t\t\t\t\t<\/div>\n\t\t\t\t<\/div>\n\t\t\t\t<div class=\"elementor-element elementor-element-1b53998 elementor-shape-square rs-icon-tangelo e-grid-align-left elementor-grid-0 elementor-widget elementor-widget-social-icons\" data-id=\"1b53998\" data-element_type=\"widget\" data-e-type=\"widget\" data-widget_type=\"social-icons.default\">\n\t\t\t\t<div class=\"elementor-widget-container\">\n\t\t\t\t\t\t\t<div class=\"elementor-social-icons-wrapper elementor-grid\">\n\t\t\t\t\t\t\t<span class=\"elementor-grid-item\">\n\t\t\t\t\t<a class=\"elementor-icon elementor-social-icon elementor-social-icon- elementor-repeater-item-febbd29\" href=\"https:\/\/www.instagram.com\/thehivefindel\/\" target=\"_blank\" rel=\"nofollow noopener\">\n\t\t\t\t\t\t<span class=\"elementor-screen-only\"><\/span>\n\t\t\t\t\t\t<svg xmlns=\"http:\/\/www.w3.org\/2000\/svg\" width=\"24\" height=\"24\" viewBox=\"0 0 24 24\" fill=\"none\"><path fill-rule=\"evenodd\" clip-rule=\"evenodd\" d=\"M5.0592 0C3.71775 -9.89148e-08 2.43122 0.532755 1.48249 1.48112C0.533764 2.42948 0.000515149 3.71581 0 5.05726L0 18.5485C0 19.8902 0.533021 21.1771 1.48181 22.1259C2.43059 23.0746 3.71742 23.6077 5.0592 23.6077L18.5504 23.6077C19.8918 23.6071 21.1782 23.0739 22.1265 22.1252C23.0749 21.1764 23.6077 19.8899 23.6077 18.5485L23.6077 5.05726C23.6071 3.71615 23.0742 2.43011 22.1259 1.4818C21.1775 0.533497 19.8915 0.00051492 18.5504 0L5.0592 0ZM20.0056 5.06503C20.0056 5.45149 19.8521 5.82212 19.5788 6.09538C19.3055 6.36865 18.9349 6.52217 18.5485 6.52217C18.162 6.52217 17.7914 6.36865 17.5181 6.09538C17.2448 5.82212 17.0913 5.45149 17.0913 5.06503C17.0913 4.67857 17.2448 4.30794 17.5181 4.03467C17.7914 3.76141 18.162 3.60789 18.5485 3.60789C18.9349 3.60789 19.3055 3.76141 19.5788 4.03467C19.8521 4.30794 20.0056 4.67857 20.0056 5.06503ZM11.8067 7.76171C10.735 7.76171 9.70709 8.18748 8.94922 8.94534C8.19136 9.7032 7.7656 10.7311 7.7656 11.8029C7.7656 12.8746 8.19136 13.9025 8.94922 14.6604C9.70709 15.4182 10.735 15.844 11.8067 15.844C12.8785 15.844 13.9064 15.4182 14.6643 14.6604C15.4221 13.9025 15.8479 12.8746 15.8479 11.8029C15.8479 10.7311 15.4221 9.7032 14.6643 8.94534C13.9064 8.18748 12.8785 7.76171 11.8067 7.76171ZM5.8208 11.8029C5.8208 10.2158 6.45126 8.69375 7.57347 7.57153C8.69569 6.44931 10.2177 5.81886 11.8048 5.81886C13.3919 5.81886 14.9139 6.44931 16.0361 7.57153C17.1583 8.69375 17.7888 10.2158 17.7888 11.8029C17.7888 13.3899 17.1583 14.912 16.0361 16.0342C14.9139 17.1564 13.3919 17.7869 11.8048 17.7869C10.2177 17.7869 8.69569 17.1564 7.57347 16.0342C6.45126 14.912 5.8208 13.3899 5.8208 11.8029Z\" fill=\"white\"><\/path><\/svg>\t\t\t\t\t<\/a>\n\t\t\t\t<\/span>\n\t\t\t\t\t<\/div>\n\t\t\t\t\t\t<\/div>\n\t\t\t\t<\/div>\n\t\t\t\t<\/div>\n\t\t\t\t<div class=\"elementor-element elementor-element-e7f75de elementor-button-align-end elementor-widget__width-initial formulaire elementor-widget elementor-widget-form\" data-id=\"e7f75de\" data-element_type=\"widget\" data-e-type=\"widget\" data-settings=\"{&quot;step_next_label&quot;:&quot;Suivant&quot;,&quot;step_previous_label&quot;:&quot;Pr\\u00e9c\\u00e9dent&quot;,&quot;button_width&quot;:&quot;100&quot;,&quot;step_type&quot;:&quot;number_text&quot;,&quot;step_icon_shape&quot;:&quot;circle&quot;}\" data-widget_type=\"form.default\">\n\t\t\t\t<div class=\"elementor-widget-container\">\n\t\t\t\t\t\t\t<form class=\"elementor-form\" method=\"post\" name=\"Formulaire Contact\" aria-label=\"Formulaire Contact\">\n\t\t\t<input type=\"hidden\" name=\"post_id\" value=\"339\"\/>\n\t\t\t<input type=\"hidden\" name=\"form_id\" value=\"e7f75de\"\/>\n\t\t\t<input type=\"hidden\" name=\"referer_title\" value=\"\" \/>\n\n\t\t\t\n\t\t\t<div class=\"elementor-form-fields-wrapper elementor-labels-\">\n\t\t\t\t\t\t\t\t<div class=\"elementor-field-type-text elementor-field-group elementor-column elementor-field-group-name elementor-col-100 elementor-field-required\">\n\t\t\t\t\t\t\t\t\t\t\t\t<label for=\"form-field-name\" class=\"elementor-field-label elementor-screen-only\">\n\t\t\t\t\t\t\t\tNom Pr\u00e9nom *\t\t\t\t\t\t\t<\/label>\n\t\t\t\t\t\t\t\t\t\t\t\t\t\t<input size=\"1\" type=\"text\" name=\"form_fields[name]\" id=\"form-field-name\" class=\"elementor-field elementor-size-sm  elementor-field-textual\" placeholder=\"Nom Pr\u00e9nom *\" required=\"required\">\n\t\t\t\t\t\t\t\t\t\t\t<\/div>\n\t\t\t\t\t\t\t\t<div class=\"elementor-field-type-text elementor-field-group elementor-column elementor-field-group-societe elementor-col-100\">\n\t\t\t\t\t\t\t\t\t\t\t\t<label for=\"form-field-societe\" class=\"elementor-field-label elementor-screen-only\">\n\t\t\t\t\t\t\t\tSoci\u00e9t\u00e9\t\t\t\t\t\t\t<\/label>\n\t\t\t\t\t\t\t\t\t\t\t\t\t\t<input size=\"1\" type=\"text\" name=\"form_fields[societe]\" id=\"form-field-societe\" class=\"elementor-field elementor-size-sm  elementor-field-textual\" placeholder=\"Soci\u00e9t\u00e9\">\n\t\t\t\t\t\t\t\t\t\t\t<\/div>\n\t\t\t\t\t\t\t\t<div class=\"elementor-field-type-tel elementor-field-group elementor-column elementor-field-group-telephone elementor-col-100 elementor-field-required\">\n\t\t\t\t\t\t\t\t\t\t\t\t<label for=\"form-field-telephone\" class=\"elementor-field-label elementor-screen-only\">\n\t\t\t\t\t\t\t\tT\u00e9l\u00e9phone *\t\t\t\t\t\t\t<\/label>\n\t\t\t\t\t\t\t\t<input size=\"1\" type=\"tel\" name=\"form_fields[telephone]\" id=\"form-field-telephone\" class=\"elementor-field elementor-size-sm  elementor-field-textual\" placeholder=\"T\u00e9l\u00e9phone *\" required=\"required\" pattern=\"[0-9()#&amp;+*-=.]+\" title=\"Nur Nummern oder Telefon-Zeichen (#, -, *, etc) werden akzeptiert.\">\n\n\t\t\t\t\t\t<\/div>\n\t\t\t\t\t\t\t\t<div class=\"elementor-field-type-email elementor-field-group elementor-column elementor-field-group-email elementor-col-100 elementor-field-required\">\n\t\t\t\t\t\t\t\t\t\t\t\t<label for=\"form-field-email\" class=\"elementor-field-label elementor-screen-only\">\n\t\t\t\t\t\t\t\tEmail *\t\t\t\t\t\t\t<\/label>\n\t\t\t\t\t\t\t\t\t\t\t\t\t\t<input size=\"1\" type=\"email\" name=\"form_fields[email]\" id=\"form-field-email\" class=\"elementor-field elementor-size-sm  elementor-field-textual\" placeholder=\"Email *\" required=\"required\">\n\t\t\t\t\t\t\t\t\t\t\t<\/div>\n\t\t\t\t\t\t\t\t<div class=\"elementor-field-type-textarea elementor-field-group elementor-column elementor-field-group-message elementor-col-100\">\n\t\t\t\t\t\t\t\t\t\t\t\t<label for=\"form-field-message\" class=\"elementor-field-label elementor-screen-only\">\n\t\t\t\t\t\t\t\tMessage\t\t\t\t\t\t\t<\/label>\n\t\t\t\t\t\t<textarea class=\"elementor-field-textual elementor-field  elementor-size-sm\" name=\"form_fields[message]\" id=\"form-field-message\" rows=\"4\" placeholder=\"Message\"><\/textarea>\t\t\t\t<\/div>\n\t\t\t\t\t\t\t\t<div class=\"elementor-field-type-acceptance elementor-field-group elementor-column elementor-field-group-field_36c0029 elementor-col-100 elementor-field-required\">\n\t\t\t\t\t\t\t\t\t\t\t\t<label for=\"form-field-field_36c0029\" class=\"elementor-field-label elementor-screen-only\">\n\t\t\t\t\t\t\t\tacceptation\t\t\t\t\t\t\t<\/label>\n\t\t\t\t\t\t\t\t<div class=\"elementor-field-subgroup\">\n\t\t\t<span class=\"elementor-field-option\">\n\t\t\t\t<input type=\"checkbox\" name=\"form_fields[field_36c0029]\" id=\"form-field-field_36c0029\" class=\"elementor-field elementor-size-sm  elementor-acceptance-field\" required=\"required\">\n\t\t\t\t<label for=\"form-field-field_36c0029\">J'accepte les conditions **<\/label>\t\t\t<\/span>\n\t\t<\/div>\n\t\t\t\t\t\t<\/div>\n\t\t\t\t\t\t\t\t<div class=\"elementor-field-type-recaptcha_v3 elementor-field-group elementor-column elementor-field-group-field_06e2802 elementor-col-100 recaptcha_v3-bottomright\">\n\t\t\t\t\t<div class=\"elementor-field\" id=\"form-field-field_06e2802\"><div class=\"elementor-g-recaptcha\" data-sitekey=\"6LcMbqssAAAAAFLcUKZNbMOZzLGn6dciV742gByM\" data-type=\"v3\" data-action=\"Form\" data-badge=\"bottomright\" data-size=\"invisible\"><\/div><\/div>\t\t\t\t<\/div>\n\t\t\t\t\t\t\t\t<div class=\"elementor-field-group elementor-column elementor-field-type-submit elementor-col-100 e-form__buttons\">\n\t\t\t\t\t<button class=\"elementor-button elementor-size-sm\" type=\"submit\">\n\t\t\t\t\t\t<span class=\"elementor-button-content-wrapper\">\n\t\t\t\t\t\t\t\t\t\t\t\t\t\t\t\t\t\t\t\t\t\t<span class=\"elementor-button-text\">Envoyer<\/span>\n\t\t\t\t\t\t\t\t\t\t\t\t\t<\/span>\n\t\t\t\t\t<\/button>\n\t\t\t\t<\/div>\n\t\t\t<\/div>\n\t\t<\/form>\n\t\t\t\t\t\t<\/div>\n\t\t\t\t<\/div>\n\t\t\t\t<div class=\"elementor-element elementor-element-e480d0e elementor-widget elementor-widget-text-editor\" data-id=\"e480d0e\" data-element_type=\"widget\" data-e-type=\"widget\" data-widget_type=\"text-editor.default\">\n\t\t\t\t<div class=\"elementor-widget-container\">\n\t\t\t\t\t\t\t\t\t<p>*Champs obligatoires. Ces informations restent confidentielles et ne seront jamais diffus\u00e9es \u00e0 quelque organisme que ce soit.<\/p><p>**En soumettant ce formulaire, j\u2019accepte que les informations saisies dans ce formulaire soient utilis\u00e9es et trait\u00e9es pour permettre de me recontacter, dans le cadre de ma demande d\u2019informations, que ce soit par mail, ou t\u00e9l\u00e9phone. Pour conna\u00eetre et exercer vos droits, notamment de retrait de consentement \u00e0 l\u2019utilisation de donn\u00e9es collect\u00e9es par ce formulaire. Veuillez consulter notre politique de confidentialit\u00e9.\u00a0<a href=\"https:\/\/www.thehive-restaurant.lu\/mentions-legales\/\" target=\"_blank\" rel=\"nofollow noopener\">Mentions l\u00e9gales<\/a><\/p><p>Ce site est prot\u00e9g\u00e9 par reCAPTCHA \u2013\u00a0<a href=\"https:\/\/policies.google.com\/privacy\" target=\"_blank\" rel=\"nofollow noopener\">la politique de confidentialit\u00e9<\/a>\u00a0et\u00a0<a href=\"https:\/\/policies.google.com\/terms\" target=\"_blank\" rel=\"nofollow noopener\">les conditions de service<\/a>\u00a0de Google s\u2019appliquent.<\/p>\t\t\t\t\t\t\t\t<\/div>\n\t\t\t\t<\/div>\n\t\t\t\t<\/div>\n\t\t\t\t\t<\/div>\n\t\t\t\t<\/div>\n\t\t\t\t<\/div>\n\t\t","protected":false},"excerpt":{"rendered":"<p>Localisation Votre restaurant proche de l&rsquo;a\u00e9roport de Luxembourg-Findel Route de Tr\u00e8ves, FINDEL, LUXEMBOURG Lancer l&rsquo;itin\u00e9raire Acces &amp; Contact prenez contact +352 43 88 01 *Champs obligatoires. Ces informations restent confidentielles et ne seront jamais diffus\u00e9es \u00e0 quelque organisme que ce soit. **En soumettant ce formulaire, j\u2019accepte que les informations saisies dans ce formulaire soient utilis\u00e9es [&hellip;]<\/p>\n","protected":false},"author":13,"featured_media":0,"parent":0,"menu_order":0,"comment_status":"closed","ping_status":"closed","template":"","meta":{"inline_featured_image":false,"footnotes":""},"class_list":["post-339","page","type-page","status-publish","hentry"],"_links":{"self":[{"href":"https:\/\/www.thehive-restaurant.lu\/de\/wp-json\/wp\/v2\/pages\/339","targetHints":{"allow":["GET"]}}],"collection":[{"href":"https:\/\/www.thehive-restaurant.lu\/de\/wp-json\/wp\/v2\/pages"}],"about":[{"href":"https:\/\/www.thehive-restaurant.lu\/de\/wp-json\/wp\/v2\/types\/page"}],"author":[{"embeddable":true,"href":"https:\/\/www.thehive-restaurant.lu\/de\/wp-json\/wp\/v2\/users\/13"}],"replies":[{"embeddable":true,"href":"https:\/\/www.thehive-restaurant.lu\/de\/wp-json\/wp\/v2\/comments?post=339"}],"version-history":[{"count":61,"href":"https:\/\/www.thehive-restaurant.lu\/de\/wp-json\/wp\/v2\/pages\/339\/revisions"}],"predecessor-version":[{"id":2537,"href":"https:\/\/www.thehive-restaurant.lu\/de\/wp-json\/wp\/v2\/pages\/339\/revisions\/2537"}],"wp:attachment":[{"href":"https:\/\/www.thehive-restaurant.lu\/de\/wp-json\/wp\/v2\/media?parent=339"}],"curies":[{"name":"wp","href":"https:\/\/api.w.org\/{rel}","templated":true}]}}